{"id":84,"date":"2015-10-30T12:45:52","date_gmt":"2015-10-30T12:45:52","guid":{"rendered":"http:\/\/test.kriesi.at\/lifestyle-blog\/?page_id=84"},"modified":"2020-11-16T04:20:07","modified_gmt":"2020-11-16T04:20:07","slug":"home","status":"publish","type":"page","link":"https:\/\/gapasai.com.ar\/posada\/?page_id=84","title":{"rendered":"Home Posada"},"content":{"rendered":"<div id='full_slider_1'  class='avia-fullwidth-slider main_color avia-shadow   avia-builder-el-0  el_before_av_section  avia-builder-el-first   container_wrap sidebar_right'  ><div   data-size='featured'  data-lightbox_size='large'  data-animation='slide'  data-conditional_play=''  data-ids='418,419,420,422'  data-video_counter='0'  data-autoplay='true'  data-bg_slider='false'  data-slide_height=''  data-handle='av_slideshow_full'  data-interval='3'  data-class=' '  data-el_id=''  data-css_id=''  data-scroll_down=''  data-control_layout='av-control-default'  data-custom_markup=''  data-perma_caption=''  data-autoplay_stopper=''  data-image_attachment=''  data-min_height='0px'  data-lazy_loading='disabled'  data-src=''  data-position='top left'  data-repeat='no-repeat'  data-attach='scroll'  data-stretch=''  data-img_scrset=''  data-default-height='28.666666666667'  class='avia-slideshow avia-slideshow-1  av-control-default av-default-height-applied avia-slideshow-featured av_slideshow_full   avia-slide-slider '  itemprop=\"image\" itemscope=\"itemscope\" itemtype=\"https:\/\/schema.org\/ImageObject\" ><ul class='avia-slideshow-inner ' style='padding-bottom: 33.333333333333%;' ><li  class=' slide-1 ' ><div data-rel='slideshow-1' class='avia-slide-wrap '   ><img decoding=\"async\" class=\"wp-image-418 avia-img-lazy-loading-not-418\"  src=\"https:\/\/gapasai.com.ar\/posada\/wp-content\/uploads\/2020\/11\/lugar1.jpg\" width=\"900\" height=\"300\" title='lugar1' alt=''  itemprop=\"thumbnailUrl\" srcset=\"https:\/\/gapasai.com.ar\/posada\/wp-content\/uploads\/2020\/11\/lugar1.jpg 900w, https:\/\/gapasai.com.ar\/posada\/wp-content\/uploads\/2020\/11\/lugar1-300x100.jpg 300w, https:\/\/gapasai.com.ar\/posada\/wp-content\/uploads\/2020\/11\/lugar1-768x256.jpg 768w, https:\/\/gapasai.com.ar\/posada\/wp-content\/uploads\/2020\/11\/lugar1-705x235.jpg 705w\" sizes=\"(max-width: 900px) 100vw, 900px\" \/><\/div><\/li><li  class=' slide-2 ' ><div data-rel='slideshow-1' class='avia-slide-wrap '   ><img decoding=\"async\" class=\"wp-image-419 avia-img-lazy-loading-not-419\"  src=\"https:\/\/gapasai.com.ar\/posada\/wp-content\/uploads\/2020\/11\/lugar2.jpg\" width=\"900\" height=\"300\" title='lugar2' alt=''  itemprop=\"thumbnailUrl\" srcset=\"https:\/\/gapasai.com.ar\/posada\/wp-content\/uploads\/2020\/11\/lugar2.jpg 900w, https:\/\/gapasai.com.ar\/posada\/wp-content\/uploads\/2020\/11\/lugar2-300x100.jpg 300w, https:\/\/gapasai.com.ar\/posada\/wp-content\/uploads\/2020\/11\/lugar2-768x256.jpg 768w, https:\/\/gapasai.com.ar\/posada\/wp-content\/uploads\/2020\/11\/lugar2-705x235.jpg 705w\" sizes=\"(max-width: 900px) 100vw, 900px\" \/><\/div><\/li><li  class=' slide-3 ' ><div data-rel='slideshow-1' class='avia-slide-wrap '   ><img decoding=\"async\" class=\"wp-image-420 avia-img-lazy-loading-not-420\"  src=\"https:\/\/gapasai.com.ar\/posada\/wp-content\/uploads\/2020\/11\/lugar3.jpg\" width=\"900\" height=\"300\" title='lugar3' alt=''  itemprop=\"thumbnailUrl\" srcset=\"https:\/\/gapasai.com.ar\/posada\/wp-content\/uploads\/2020\/11\/lugar3.jpg 900w, https:\/\/gapasai.com.ar\/posada\/wp-content\/uploads\/2020\/11\/lugar3-300x100.jpg 300w, https:\/\/gapasai.com.ar\/posada\/wp-content\/uploads\/2020\/11\/lugar3-768x256.jpg 768w, https:\/\/gapasai.com.ar\/posada\/wp-content\/uploads\/2020\/11\/lugar3-705x235.jpg 705w\" sizes=\"(max-width: 900px) 100vw, 900px\" \/><\/div><\/li><li  class=' slide-4 ' ><div data-rel='slideshow-1' class='avia-slide-wrap '   ><img decoding=\"async\" class=\"wp-image-422 avia-img-lazy-loading-not-422\"  src=\"https:\/\/gapasai.com.ar\/posada\/wp-content\/uploads\/2020\/11\/lugar4.jpg\" width=\"900\" height=\"300\" title='lugar4' alt=''  itemprop=\"thumbnailUrl\" srcset=\"https:\/\/gapasai.com.ar\/posada\/wp-content\/uploads\/2020\/11\/lugar4.jpg 900w, https:\/\/gapasai.com.ar\/posada\/wp-content\/uploads\/2020\/11\/lugar4-300x100.jpg 300w, https:\/\/gapasai.com.ar\/posada\/wp-content\/uploads\/2020\/11\/lugar4-768x256.jpg 768w, https:\/\/gapasai.com.ar\/posada\/wp-content\/uploads\/2020\/11\/lugar4-705x235.jpg 705w\" sizes=\"(max-width: 900px) 100vw, 900px\" \/><\/div><\/li><\/ul><div class='avia-slideshow-arrows avia-slideshow-controls' ><a href='#prev' class='prev-slide ' aria-hidden='true' data-av_icon='\ue87c' data-av_iconfont='entypo-fontello'  tabindex='-1'>Anterior<\/a><a href='#next' class='next-slide ' aria-hidden='true' data-av_icon='\ue87d' data-av_iconfont='entypo-fontello'  tabindex='-1'>Posterior<\/a><\/div><div class='avia-slideshow-dots avia-slideshow-controls'><a href='#1' class='goto-slide active' >1<\/a><a href='#2' class='goto-slide ' >2<\/a><a href='#3' class='goto-slide ' >3<\/a><a href='#4' class='goto-slide ' >4<\/a><\/div><\/div><\/div>\n<div id='av_section_1'  class='avia-section av-7ugw4-5cb61969742b21eb33f8cfb5ec7985d3 main_color avia-section-default avia-no-border-styling  avia-builder-el-1  el_after_av_slideshow_full  avia-builder-el-last  avia-bg-style-scroll  av-minimum-height av-minimum-height-custom  container_wrap sidebar_right'  ><div class='container av-section-cont-open' style='height:40px'><div class='template-page content  av-content-small alpha units'><div class='post-entry post-entry-type-page post-entry-84'><div class='entry-content-wrapper clearfix'>\n\n<style type=\"text\/css\" data-created_by=\"avia_inline_auto\" id=\"style-css-av-7bxlw-304e92913b9dd12dbfb0062cff1d8e76\">\n.flex_column.av-7bxlw-304e92913b9dd12dbfb0062cff1d8e76{\nborder-radius:0px 0px 0px 0px;\n-webkit-border-radius:0px 0px 0px 0px;\n-moz-border-radius:0px 0px 0px 0px;\n}\n<\/style>\n<div class='flex_column av-7bxlw-304e92913b9dd12dbfb0062cff1d8e76 av_two_fifth  avia-builder-el-2  el_before_av_one_fifth  avia-builder-el-first  first flex_column_div av-zero-column-padding '   ><div  class='avia-button-wrap avia-button-right  avia-builder-el-3  avia-builder-el-no-sibling ' >\n<style type=\"text\/css\" data-created_by=\"avia_inline_auto\" id=\"style-css-av-74g5w-5feb9d7bfbd6dde7d3667098f6c1f8a2\">\n#top #wrap_all .avia-button.av-74g5w-5feb9d7bfbd6dde7d3667098f6c1f8a2{\nbackground-color:#b59163;\nborder-color:#b59163;\ncolor:#ffffff;\ntransition:all 0.4s ease-in-out;\n-webkit-transition:all 0.4s ease-in-out;\n-moz-transition:all 0.4s ease-in-out;\n-ms-transition:all 0.4s ease-in-out;\n-o-transition:all 0.4s ease-in-out;\n}\n<\/style>\n<a href='?page_id=187'  class='avia-button av-74g5w-5feb9d7bfbd6dde7d3667098f6c1f8a2 avia-icon_select-no avia-size-small avia-position-right ' ><span class='avia_iconbox_title' >LIVINGS<\/span><\/a><\/div><\/div>\n<style type=\"text\/css\" data-created_by=\"avia_inline_auto\" id=\"style-css-av-61osk-ccaeffe97c0f12bd1139994c0670eeeb\">\n.flex_column.av-61osk-ccaeffe97c0f12bd1139994c0670eeeb{\nborder-radius:0px 0px 0px 0px;\n-webkit-border-radius:0px 0px 0px 0px;\n-moz-border-radius:0px 0px 0px 0px;\n}\n<\/style>\n<div class='flex_column av-61osk-ccaeffe97c0f12bd1139994c0670eeeb av_one_fifth  avia-builder-el-4  el_after_av_two_fifth  el_before_av_two_fifth  flex_column_div av-zero-column-padding '   ><div  class='avia-button-wrap avia-button-center  avia-builder-el-5  avia-builder-el-no-sibling ' >\n<style type=\"text\/css\" data-created_by=\"avia_inline_auto\" id=\"style-css-av-jlrw-7b0bfc5ab72c012ee375b68ed1249496\">\n#top #wrap_all .avia-button.av-jlrw-7b0bfc5ab72c012ee375b68ed1249496{\nbackground-color:#b59163;\nborder-color:#b59163;\ncolor:#ffffff;\ntransition:all 0.4s ease-in-out;\n-webkit-transition:all 0.4s ease-in-out;\n-moz-transition:all 0.4s ease-in-out;\n-ms-transition:all 0.4s ease-in-out;\n-o-transition:all 0.4s ease-in-out;\n}\n<\/style>\n<a href='?page_id=190'  class='avia-button av-jlrw-7b0bfc5ab72c012ee375b68ed1249496 avia-icon_select-no avia-size-small avia-position-center ' ><span class='avia_iconbox_title' >HABITACIONES<\/span><\/a><\/div><\/div>\n<style type=\"text\/css\" data-created_by=\"avia_inline_auto\" id=\"style-css-av-52zy8-b8bd9c28132f04779798b8cb024b143f\">\n.flex_column.av-52zy8-b8bd9c28132f04779798b8cb024b143f{\nborder-radius:0px 0px 0px 0px;\n-webkit-border-radius:0px 0px 0px 0px;\n-moz-border-radius:0px 0px 0px 0px;\n}\n<\/style>\n<div class='flex_column av-52zy8-b8bd9c28132f04779798b8cb024b143f av_two_fifth  avia-builder-el-6  el_after_av_one_fifth  el_before_av_one_fifth  flex_column_div av-zero-column-padding '   ><div  class='avia-button-wrap avia-button-left  avia-builder-el-7  avia-builder-el-no-sibling ' >\n<style type=\"text\/css\" data-created_by=\"avia_inline_auto\" id=\"style-css-av-4epvk-aeebe9170f5964c2c3538983161356e7\">\n#top #wrap_all .avia-button.av-4epvk-aeebe9170f5964c2c3538983161356e7{\nbackground-color:#b59163;\nborder-color:#b59163;\ncolor:#ffffff;\ntransition:all 0.4s ease-in-out;\n-webkit-transition:all 0.4s ease-in-out;\n-moz-transition:all 0.4s ease-in-out;\n-ms-transition:all 0.4s ease-in-out;\n-o-transition:all 0.4s ease-in-out;\n}\n<\/style>\n<a href='?page_id=192'  class='avia-button av-4epvk-aeebe9170f5964c2c3538983161356e7 avia-icon_select-no avia-size-small avia-position-left ' ><span class='avia_iconbox_title' >PILETA<\/span><\/a><\/div><\/div>\n<style type=\"text\/css\" data-created_by=\"avia_inline_auto\" id=\"style-css-av-45yd8-00960b3fbf784948f53b5c37255fd596\">\n.flex_column.av-45yd8-00960b3fbf784948f53b5c37255fd596{\nborder-radius:0px 0px 0px 0px;\n-webkit-border-radius:0px 0px 0px 0px;\n-moz-border-radius:0px 0px 0px 0px;\n}\n<\/style>\n<div class='flex_column av-45yd8-00960b3fbf784948f53b5c37255fd596 av_one_fifth  avia-builder-el-8  el_after_av_two_fifth  el_before_av_three_fifth  first flex_column_div av-zero-column-padding '   ><\/div>\n<style type=\"text\/css\" data-created_by=\"avia_inline_auto\" id=\"style-css-av-33epo-c5f5675e0cd51fad26a91a6572231821\">\n.flex_column.av-33epo-c5f5675e0cd51fad26a91a6572231821{\nborder-radius:0px 0px 0px 0px;\n-webkit-border-radius:0px 0px 0px 0px;\n-moz-border-radius:0px 0px 0px 0px;\n}\n<\/style>\n<div class='flex_column av-33epo-c5f5675e0cd51fad26a91a6572231821 av_three_fifth  avia-builder-el-9  el_after_av_one_fifth  el_before_av_one_fifth  flex_column_div av-zero-column-padding '   ><p>\n<style type=\"text\/css\" data-created_by=\"avia_inline_auto\" id=\"style-css-av-2kdao-73b754457996e0eceb749bf30f82c1db\">\n#top .hr.av-2kdao-73b754457996e0eceb749bf30f82c1db{\nmargin-top:30px;\nmargin-bottom:30px;\n}\n.hr.av-2kdao-73b754457996e0eceb749bf30f82c1db .hr-inner{\nwidth:50px;\nborder-color:#edc176;\nmax-width:45%;\n}\n.hr.av-2kdao-73b754457996e0eceb749bf30f82c1db .av-seperator-icon{\ncolor:#edc176;\n}\n<\/style>\n<div  class='hr av-2kdao-73b754457996e0eceb749bf30f82c1db hr-custom  avia-builder-el-10  el_before_av_textblock  avia-builder-el-first  hr-center hr-icon-yes '><span class='hr-inner inner-border-av-border-thin'><span class=\"hr-inner-style\"><\/span><\/span><span class='av-seperator-icon' aria-hidden='true' data-av_icon='\ue837' data-av_iconfont='entypo-fontello'><\/span><span class='hr-inner inner-border-av-border-thin'><span class=\"hr-inner-style\"><\/span><\/span><\/div><br \/>\n<section class=\"av_textblock_section \"  itemscope=\"itemscope\" itemtype=\"https:\/\/schema.org\/CreativeWork\" ><div class='avia_textblock  '   itemprop=\"text\" ><p style=\"text-align: center;\"><strong>Gapasai<\/strong> es una <strong>Posada Boutique<\/strong> ubicada en <strong>La Cumbre<\/strong>, Provincia de <strong>C\u00f3rdoba<\/strong>, <strong>Argentina<\/strong>, dise\u00f1ada para que sus hu\u00e9spedes reciban sin interferencia la magn\u00edfica vista del <strong>Valle de Punilla<\/strong>. Las puestas del sol son incomparables, \u00fanicas y diferentes todos los d\u00edas.<\/p>\n<p style=\"text-align: center;\">La Naturaleza siempre presente y su privilegiada ubicaci\u00f3n hacen de <strong>Gapasai<\/strong> un lugar ideal para combinar descanso, buena vida y privacidad a ultranza, que constituyen su particular car\u00e1cter y estilo configurando un lugar \u00edntimo y exclusivo.<\/p>\n<p style=\"text-align: center;\"><strong><strong>Ofrecemos:<\/strong><\/strong><\/p>\n<p style=\"text-align: center;\">~ Desayuno (t\u00e9, caf\u00e9, jugos naturales, cereales, panes caseros y mermeladas de frutos del lugar)<\/p>\n<p style=\"text-align: center;\">~ Servicio de masajes<br \/>\n~ Terapia floral, con Flores de Bach<br \/>\n~ Idiomas ingl\u00e9s y alem\u00e1n<br \/>\n~ Wi Fi<br \/>\n~ Calefacci\u00f3n central<br \/>\n~ Guarda coches cubierto<\/p>\n<\/div><\/section><\/p><\/div>\n<style type=\"text\/css\" data-created_by=\"avia_inline_auto\" id=\"style-css-av-1i47o-afb50c1e8266194fba07260fe66f85ae\">\n.flex_column.av-1i47o-afb50c1e8266194fba07260fe66f85ae{\nborder-radius:0px 0px 0px 0px;\n-webkit-border-radius:0px 0px 0px 0px;\n-moz-border-radius:0px 0px 0px 0px;\n}\n<\/style>\n<div class='flex_column av-1i47o-afb50c1e8266194fba07260fe66f85ae av_one_fifth  avia-builder-el-12  el_after_av_three_fifth  avia-builder-el-last  flex_column_div av-zero-column-padding '   ><\/div>\n<\/div><\/div><\/div><!-- close content main div --><\/div><\/div><div id='after_section_1'  class='main_color av_default_container_wrap container_wrap sidebar_right'  ><div class='container av-section-cont-open' ><div class='template-page content  av-content-small alpha units'><div class='post-entry post-entry-type-page post-entry-84'><div class='entry-content-wrapper clearfix'>\n","protected":false},"excerpt":{"rendered":"","protected":false},"author":1,"featured_media":0,"parent":0,"menu_order":0,"comment_status":"closed","ping_status":"closed","template":"","meta":{"footnotes":""},"class_list":["post-84","page","type-page","status-publish","hentry"],"_links":{"self":[{"href":"https:\/\/gapasai.com.ar\/posada\/index.php?rest_route=\/wp\/v2\/pages\/84","targetHints":{"allow":["GET"]}}],"collection":[{"href":"https:\/\/gapasai.com.ar\/posada\/index.php?rest_route=\/wp\/v2\/pages"}],"about":[{"href":"https:\/\/gapasai.com.ar\/posada\/index.php?rest_route=\/wp\/v2\/types\/page"}],"author":[{"embeddable":true,"href":"https:\/\/gapasai.com.ar\/posada\/index.php?rest_route=\/wp\/v2\/users\/1"}],"replies":[{"embeddable":true,"href":"https:\/\/gapasai.com.ar\/posada\/index.php?rest_route=%2Fwp%2Fv2%2Fcomments&post=84"}],"version-history":[{"count":29,"href":"https:\/\/gapasai.com.ar\/posada\/index.php?rest_route=\/wp\/v2\/pages\/84\/revisions"}],"predecessor-version":[{"id":508,"href":"https:\/\/gapasai.com.ar\/posada\/index.php?rest_route=\/wp\/v2\/pages\/84\/revisions\/508"}],"wp:attachment":[{"href":"https:\/\/gapasai.com.ar\/posada\/index.php?rest_route=%2Fwp%2Fv2%2Fmedia&parent=84"}],"curies":[{"name":"wp","href":"https:\/\/api.w.org\/{rel}","templated":true}]}}