{"id":211,"date":"2018-11-21T01:45:18","date_gmt":"2018-11-21T01:45:18","guid":{"rendered":"http:\/\/gapasai.server1.valordigital.com.ar\/posada\/?page_id=211"},"modified":"2018-12-11T15:06:47","modified_gmt":"2018-12-11T15:06:47","slug":"prensa","status":"publish","type":"page","link":"https:\/\/gapasai.com.ar\/posada\/?page_id=211","title":{"rendered":"Prensa"},"content":{"rendered":"\n<style type=\"text\/css\" data-created_by=\"avia_inline_auto\" id=\"style-css-av-av_heading-7bb8ca7076a2138144774a3fb26e2035\">\n#top .av-special-heading.av-av_heading-7bb8ca7076a2138144774a3fb26e2035{\npadding-bottom:10px;\n}\n<\/style>\n<div  class='av-special-heading av-av_heading-7bb8ca7076a2138144774a3fb26e2035 av-special-heading-h3  avia-builder-el-0  el_before_av_blog  avia-builder-el-first  '><h3 class='av-special-heading-tag '  itemprop=\"headline\"  >Prensa<\/h3><div class='special-heading-border'><div class='special-heading-inner-border'><\/div><\/div><\/div>\n<div  class='av-alb-blogposts template-blog  av-blog-meta-tag-disabled '  itemscope=\"itemscope\" itemtype=\"https:\/\/schema.org\/Blog\" ><article class='post-entry post-entry-type-standard post-entry-286 post-loop-1 post-parity-odd single-big with-slider post-286 post type-post status-publish format-standard has-post-thumbnail hentry category-medios-digitales'  itemscope=\"itemscope\" itemtype=\"https:\/\/schema.org\/BlogPosting\" ><div class='blog-meta'><\/div><div class='entry-content-wrapper clearfix standard-content'><header class=\"entry-content-header\"><div class=\"av-heading-wrapper\"><span class=\"blog-categories minor-meta\"><a href=\"https:\/\/gapasai.com.ar\/posada\/?cat=25\" rel=\"tag\">MEDIOS DIGITALES<\/a> <\/span><h2 class='post-title entry-title '  itemprop=\"headline\" ><a href=\"https:\/\/gapasai.com.ar\/posada\/?p=286\" rel=\"bookmark\" title=\"Enlace permanente: ESTE ES EL MEJOR RESTAURANTE DE C\u00d3RDOBA SEG\u00daN TRIPADVISOR\">ESTE ES EL MEJOR RESTAURANTE DE C\u00d3RDOBA SEG\u00daN TRIPADVISOR<span class=\"post-format-icon minor-meta\"><\/span><\/a><\/h2><\/div><\/header><span class=\"av-vertical-delimiter\"><\/span><div class=\"big-preview single-big\"  itemprop=\"image\" itemscope=\"itemscope\" itemtype=\"https:\/\/schema.org\/ImageObject\" ><a href=\"https:\/\/gapasai.com.ar\/posada\/?p=286\"  title=\"Gapasai_8\" ><img loading=\"lazy\" decoding=\"async\" width=\"845\" height=\"321\" src=\"https:\/\/gapasai.com.ar\/posada\/wp-content\/uploads\/2018\/11\/Gapasai_8-845x321.jpg\" class=\"wp-image-287 avia-img-lazy-loading-287 attachment-entry_with_sidebar size-entry_with_sidebar wp-post-image\" alt=\"\" \/><\/a><\/div><div class=\"entry-content\"  itemprop=\"text\" ><p>Hace unos meses el sitio de turismo y recomendaciones online reconoci\u00f3 a Gapasai de La Cumbre como el mejor restaurante de la provincia. En esta nota te contamos algunas curiosidades detr\u00e1s de una propuesta con m\u00e1s de 10 a\u00f1os en las sierras. Nuestro comentario del lugar,\u00a0ac\u00e1. Por Juan Pablo Andrade \/ Especial. 1) \u2013 Alta [&hellip;]<\/p>\n<div class=\"read-more-link\"><a href=\"https:\/\/gapasai.com.ar\/posada\/?p=286\" class=\"more-link\">Leer m\u00e1s<span class=\"more-link-arrow\"><\/span><\/a><\/div>\n<\/div><span class='post-meta-infos'><time class='date-container minor-meta updated' >22 noviembre, 2018<\/time><span class='text-sep text-sep-date'>\/<\/span><span class='comment-container minor-meta'><a href=\"https:\/\/gapasai.com.ar\/posada\/?p=286#respond\" class=\"comments-link\" >0 Comentarios<\/a><\/span><span class='text-sep text-sep-comment'>\/<\/span><span class=\"blog-author minor-meta\">por <span class=\"entry-author-link\"  itemprop=\"author\" ><span class=\"author\"><span class=\"fn\"><a href=\"https:\/\/gapasai.com.ar\/posada\/?author=1\" title=\"Entradas de adminGapsai\" rel=\"author\">adminGapsai<\/a><\/span><\/span><\/span><\/span><\/span><footer class=\"entry-footer\"><\/footer><div class='post_delimiter'><\/div><\/div><div class='post_author_timeline'><\/div><span class='hidden'>\n\t\t\t\t<span class='av-structured-data'  itemprop=\"image\" itemscope=\"itemscope\" itemtype=\"https:\/\/schema.org\/ImageObject\" >\n\t\t\t\t\t\t<span itemprop='url'>https:\/\/gapasai.com.ar\/posada\/wp-content\/uploads\/2018\/11\/Gapasai_8.jpg<\/span>\n\t\t\t\t\t\t<span itemprop='height'>529<\/span>\n\t\t\t\t\t\t<span itemprop='width'>942<\/span>\n\t\t\t\t<\/span>\n\t\t\t\t<span class='av-structured-data'  itemprop=\"publisher\" itemtype=\"https:\/\/schema.org\/Organization\" itemscope=\"itemscope\" >\n\t\t\t\t\t\t<span itemprop='name'>adminGapsai<\/span>\n\t\t\t\t\t\t<span itemprop='logo' itemscope itemtype='https:\/\/schema.org\/ImageObject'>\n\t\t\t\t\t\t\t<span itemprop='url'>\/posada\/wp-content\/uploads\/2018\/11\/isologotipo.png<\/span>\n\t\t\t\t\t\t <\/span>\n\t\t\t\t<\/span><span class='av-structured-data'  itemprop=\"author\" itemscope=\"itemscope\" itemtype=\"https:\/\/schema.org\/Person\" ><span itemprop='name'>adminGapsai<\/span><\/span><span class='av-structured-data'  itemprop=\"datePublished\" datetime=\"2018-11-22T20:27:47+00:00\" >2018-11-22 20:27:47<\/span><span class='av-structured-data'  itemprop=\"dateModified\" itemtype=\"https:\/\/schema.org\/dateModified\" >2018-11-22 20:27:47<\/span><span class='av-structured-data'  itemprop=\"mainEntityOfPage\" itemtype=\"https:\/\/schema.org\/mainEntityOfPage\" ><span itemprop='name'>ESTE ES EL MEJOR RESTAURANTE DE C\u00d3RDOBA SEG\u00daN TRIPADVISOR<\/span><\/span><\/span><\/article><article class='post-entry post-entry-type-standard post-entry-283 post-loop-2 post-parity-even single-big with-slider post-283 post type-post status-publish format-standard has-post-thumbnail hentry category-medios-digitales'  itemscope=\"itemscope\" itemtype=\"https:\/\/schema.org\/BlogPosting\" ><div class='blog-meta'><\/div><div class='entry-content-wrapper clearfix standard-content'><header class=\"entry-content-header\"><div class=\"av-heading-wrapper\"><span class=\"blog-categories minor-meta\"><a href=\"https:\/\/gapasai.com.ar\/posada\/?cat=25\" rel=\"tag\">MEDIOS DIGITALES<\/a> <\/span><h2 class='post-title entry-title '  itemprop=\"headline\" ><a href=\"https:\/\/gapasai.com.ar\/posada\/?p=283\" rel=\"bookmark\" title=\"Enlace permanente: MEET THE RESTAURANT PUTTING C\u00d3RDOBA ON THE FOODIE MAP\">MEET THE RESTAURANT PUTTING C\u00d3RDOBA ON THE FOODIE MAP<span class=\"post-format-icon minor-meta\"><\/span><\/a><\/h2><\/div><\/header><span class=\"av-vertical-delimiter\"><\/span><div class=\"big-preview single-big\"  itemprop=\"image\" itemscope=\"itemscope\" itemtype=\"https:\/\/schema.org\/ImageObject\" ><a href=\"https:\/\/gapasai.com.ar\/posada\/?p=283\"  title=\"IMG_20171015_173627_480\" ><img loading=\"lazy\" decoding=\"async\" width=\"845\" height=\"321\" src=\"https:\/\/gapasai.com.ar\/posada\/wp-content\/uploads\/2018\/11\/IMG_20171015_173627_480-845x321.jpg\" class=\"wp-image-284 avia-img-lazy-loading-284 attachment-entry_with_sidebar size-entry_with_sidebar wp-post-image\" alt=\"\" \/><\/a><\/div><div class=\"entry-content\"  itemprop=\"text\" ><p>t\u2019s inspired by fine-dining establishments such as the now-closed El Bulli. The rolling green hills and open skies of C\u00f3rdoba, a 90-minute drive from the eponymous capital, set the scene for one of the province\u2019s top dining spots. Setting up shop in\u00a0La Cumbre\u00a0wasn\u2019t exactly a bed of roses for chef Santiago Blondel so it\u2019s no [&hellip;]<\/p>\n<div class=\"read-more-link\"><a href=\"https:\/\/gapasai.com.ar\/posada\/?p=283\" class=\"more-link\">Leer m\u00e1s<span class=\"more-link-arrow\"><\/span><\/a><\/div>\n<\/div><span class='post-meta-infos'><time class='date-container minor-meta updated' >22 noviembre, 2018<\/time><span class='text-sep text-sep-date'>\/<\/span><span class='comment-container minor-meta'><a href=\"https:\/\/gapasai.com.ar\/posada\/?p=283#respond\" class=\"comments-link\" >0 Comentarios<\/a><\/span><span class='text-sep text-sep-comment'>\/<\/span><span class=\"blog-author minor-meta\">por <span class=\"entry-author-link\"  itemprop=\"author\" ><span class=\"author\"><span class=\"fn\"><a href=\"https:\/\/gapasai.com.ar\/posada\/?author=1\" title=\"Entradas de adminGapsai\" rel=\"author\">adminGapsai<\/a><\/span><\/span><\/span><\/span><\/span><footer class=\"entry-footer\"><\/footer><div class='post_delimiter'><\/div><\/div><div class='post_author_timeline'><\/div><span class='hidden'>\n\t\t\t\t<span class='av-structured-data'  itemprop=\"image\" itemscope=\"itemscope\" itemtype=\"https:\/\/schema.org\/ImageObject\" >\n\t\t\t\t\t\t<span itemprop='url'>https:\/\/gapasai.com.ar\/posada\/wp-content\/uploads\/2018\/11\/IMG_20171015_173627_480.jpg<\/span>\n\t\t\t\t\t\t<span itemprop='height'>1024<\/span>\n\t\t\t\t\t\t<span itemprop='width'>1024<\/span>\n\t\t\t\t<\/span>\n\t\t\t\t<span class='av-structured-data'  itemprop=\"publisher\" itemtype=\"https:\/\/schema.org\/Organization\" itemscope=\"itemscope\" >\n\t\t\t\t\t\t<span itemprop='name'>adminGapsai<\/span>\n\t\t\t\t\t\t<span itemprop='logo' itemscope itemtype='https:\/\/schema.org\/ImageObject'>\n\t\t\t\t\t\t\t<span itemprop='url'>\/posada\/wp-content\/uploads\/2018\/11\/isologotipo.png<\/span>\n\t\t\t\t\t\t <\/span>\n\t\t\t\t<\/span><span class='av-structured-data'  itemprop=\"author\" itemscope=\"itemscope\" itemtype=\"https:\/\/schema.org\/Person\" ><span itemprop='name'>adminGapsai<\/span><\/span><span class='av-structured-data'  itemprop=\"datePublished\" datetime=\"2018-11-22T20:22:38+00:00\" >2018-11-22 20:22:38<\/span><span class='av-structured-data'  itemprop=\"dateModified\" itemtype=\"https:\/\/schema.org\/dateModified\" >2018-11-22 20:22:53<\/span><span class='av-structured-data'  itemprop=\"mainEntityOfPage\" itemtype=\"https:\/\/schema.org\/mainEntityOfPage\" ><span itemprop='name'>MEET THE RESTAURANT PUTTING C\u00d3RDOBA ON THE FOODIE MAP<\/span><\/span><\/span><\/article><article class='post-entry post-entry-type-standard post-entry-277 post-loop-3 post-parity-odd post-entry-last single-big with-slider post-277 post type-post status-publish format-standard has-post-thumbnail hentry category-medios-digitales tag-blondel tag-cheff tag-cocina tag-gapasai'  itemscope=\"itemscope\" itemtype=\"https:\/\/schema.org\/BlogPosting\" ><div class='blog-meta'><\/div><div class='entry-content-wrapper clearfix standard-content'><header class=\"entry-content-header\"><div class=\"av-heading-wrapper\"><span class=\"blog-categories minor-meta\"><a href=\"https:\/\/gapasai.com.ar\/posada\/?cat=25\" rel=\"tag\">MEDIOS DIGITALES<\/a> <\/span><h2 class='post-title entry-title '  itemprop=\"headline\" ><a href=\"https:\/\/gapasai.com.ar\/posada\/?p=277\" rel=\"bookmark\" title=\"Enlace permanente: WINE, FOOD AND NATURE: AN ARGENTINE TASTING TOUR\">WINE, FOOD AND NATURE: AN ARGENTINE TASTING TOUR<span class=\"post-format-icon minor-meta\"><\/span><\/a><\/h2><\/div><\/header><span class=\"av-vertical-delimiter\"><\/span><div class=\"big-preview single-big\"  itemprop=\"image\" itemscope=\"itemscope\" itemtype=\"https:\/\/schema.org\/ImageObject\" ><a href=\"https:\/\/gapasai.com.ar\/posada\/?p=277\"  title=\"WhatsApp Image 2018-11-03 at 23.21.49 (1)\" ><img loading=\"lazy\" decoding=\"async\" width=\"845\" height=\"321\" src=\"https:\/\/gapasai.com.ar\/posada\/wp-content\/uploads\/2018\/11\/WhatsApp-Image-2018-11-03-at-23.21.49-1-845x321.jpeg\" class=\"wp-image-278 avia-img-lazy-loading-278 attachment-entry_with_sidebar size-entry_with_sidebar wp-post-image\" alt=\"\" \/><\/a><\/div><div class=\"entry-content\"  itemprop=\"text\" ><p>Enjoy a gastronomic road trip through Argentina with Fine Dining Lovers: from C\u00f3rdoba to the province of Mendoza, until Patagonia and Puerto Iguaz\u00fa. BY\u00a0SORREL MOSELEY-WILLIAMS\u00a0ON\u00a0OCTOBER 01, 2018 The world\u2019s eighth-largest country, Argentina, has very much to offer fine dining lovers hungry for meals also outside of the capital\u00a0Buenos Aires\u00a0and also beyond\u00a0steak.\u00a0Fine Dining Lovers\u00a0has checked out [&hellip;]<\/p>\n<div class=\"read-more-link\"><a href=\"https:\/\/gapasai.com.ar\/posada\/?p=277\" class=\"more-link\">Leer m\u00e1s<span class=\"more-link-arrow\"><\/span><\/a><\/div>\n<\/div><span class='post-meta-infos'><time class='date-container minor-meta updated' >22 noviembre, 2018<\/time><span class='text-sep text-sep-date'>\/<\/span><span class='comment-container minor-meta'><a href=\"https:\/\/gapasai.com.ar\/posada\/?p=277#respond\" class=\"comments-link\" >0 Comentarios<\/a><\/span><span class='text-sep text-sep-comment'>\/<\/span><span class=\"blog-author minor-meta\">por <span class=\"entry-author-link\"  itemprop=\"author\" ><span class=\"author\"><span class=\"fn\"><a href=\"https:\/\/gapasai.com.ar\/posada\/?author=1\" title=\"Entradas de adminGapsai\" rel=\"author\">adminGapsai<\/a><\/span><\/span><\/span><\/span><\/span><footer class=\"entry-footer\"><\/footer><div class='post_delimiter'><\/div><\/div><div class='post_author_timeline'><\/div><span class='hidden'>\n\t\t\t\t<span class='av-structured-data'  itemprop=\"image\" itemscope=\"itemscope\" itemtype=\"https:\/\/schema.org\/ImageObject\" >\n\t\t\t\t\t\t<span itemprop='url'>https:\/\/gapasai.com.ar\/posada\/wp-content\/uploads\/2018\/11\/WhatsApp-Image-2018-11-03-at-23.21.49-1.jpeg<\/span>\n\t\t\t\t\t\t<span itemprop='height'>853<\/span>\n\t\t\t\t\t\t<span itemprop='width'>1280<\/span>\n\t\t\t\t<\/span>\n\t\t\t\t<span class='av-structured-data'  itemprop=\"publisher\" itemtype=\"https:\/\/schema.org\/Organization\" itemscope=\"itemscope\" >\n\t\t\t\t\t\t<span itemprop='name'>adminGapsai<\/span>\n\t\t\t\t\t\t<span itemprop='logo' itemscope itemtype='https:\/\/schema.org\/ImageObject'>\n\t\t\t\t\t\t\t<span itemprop='url'>\/posada\/wp-content\/uploads\/2018\/11\/isologotipo.png<\/span>\n\t\t\t\t\t\t <\/span>\n\t\t\t\t<\/span><span class='av-structured-data'  itemprop=\"author\" itemscope=\"itemscope\" itemtype=\"https:\/\/schema.org\/Person\" ><span itemprop='name'>adminGapsai<\/span><\/span><span class='av-structured-data'  itemprop=\"datePublished\" datetime=\"2018-11-22T20:03:34+00:00\" >2018-11-22 20:03:34<\/span><span class='av-structured-data'  itemprop=\"dateModified\" itemtype=\"https:\/\/schema.org\/dateModified\" >2018-11-22 20:03:34<\/span><span class='av-structured-data'  itemprop=\"mainEntityOfPage\" itemtype=\"https:\/\/schema.org\/mainEntityOfPage\" ><span itemprop='name'>WINE, FOOD AND NATURE: AN ARGENTINE TASTING TOUR<\/span><\/span><\/span><\/article><\/div>\n","protected":false},"excerpt":{"rendered":"","protected":false},"author":1,"featured_media":0,"parent":0,"menu_order":0,"comment_status":"closed","ping_status":"closed","template":"","meta":{"footnotes":""},"class_list":["post-211","page","type-page","status-publish","hentry"],"_links":{"self":[{"href":"https:\/\/gapasai.com.ar\/posada\/index.php?rest_route=\/wp\/v2\/pages\/211","targetHints":{"allow":["GET"]}}],"collection":[{"href":"https:\/\/gapasai.com.ar\/posada\/index.php?rest_route=\/wp\/v2\/pages"}],"about":[{"href":"https:\/\/gapasai.com.ar\/posada\/index.php?rest_route=\/wp\/v2\/types\/page"}],"author":[{"embeddable":true,"href":"https:\/\/gapasai.com.ar\/posada\/index.php?rest_route=\/wp\/v2\/users\/1"}],"replies":[{"embeddable":true,"href":"https:\/\/gapasai.com.ar\/posada\/index.php?rest_route=%2Fwp%2Fv2%2Fcomments&post=211"}],"version-history":[{"count":7,"href":"https:\/\/gapasai.com.ar\/posada\/index.php?rest_route=\/wp\/v2\/pages\/211\/revisions"}],"predecessor-version":[{"id":290,"href":"https:\/\/gapasai.com.ar\/posada\/index.php?rest_route=\/wp\/v2\/pages\/211\/revisions\/290"}],"wp:attachment":[{"href":"https:\/\/gapasai.com.ar\/posada\/index.php?rest_route=%2Fwp%2Fv2%2Fmedia&parent=211"}],"curies":[{"name":"wp","href":"https:\/\/api.w.org\/{rel}","templated":true}]}}